{"id":75,"date":"2020-01-27T08:29:32","date_gmt":"2020-01-27T08:29:32","guid":{"rendered":"https:\/\/demosites.io\/web-agency-gb\/?page_id=75"},"modified":"2026-03-15T19:32:56","modified_gmt":"2026-03-15T19:32:56","slug":"15c42-web-agency-gb-contact-us","status":"publish","type":"page","link":"https:\/\/figurkowcy.com\/index.php\/15c42-web-agency-gb-contact-us\/","title":{"rendered":"KONTAKT"},"content":{"rendered":"\n<div class=\"wp-block-cover alignfull\" style=\"min-height:341px;aspect-ratio:unset;\"><span aria-hidden=\"true\" class=\"wp-block-cover__background has-nv-light-bg-background-color has-background-dim-100 has-background-dim\"><\/span><div class=\"wp-block-cover__inner-container is-layout-flow wp-block-cover-is-layout-flow\">\n<div style=\"height:80px\" aria-hidden=\"true\" class=\"wp-block-spacer\"><\/div>\n\n\n\n<div class=\"wp-block-columns is-layout-flex wp-container-core-columns-is-layout-9d6595d7 wp-block-columns-is-layout-flex\">\n<div class=\"wp-block-column ticss-f6fc7494 is-layout-flow wp-block-column-is-layout-flow\">\n<div class=\"wp-block-group has-nv-site-bg-background-color has-background\"><div class=\"wp-block-group__inner-container is-layout-flow wp-block-group-is-layout-flow\">\n<div style=\"height:24px\" aria-hidden=\"true\" class=\"wp-block-spacer\"><\/div>\n\n\n<div class=\"wp-block-image icon-style is-style-default\">\n<figure class=\"aligncenter size-large\"><img loading=\"lazy\" decoding=\"async\" width=\"65\" height=\"65\" src=\"https:\/\/figurkowcy.com\/wp-content\/uploads\/2021\/06\/email-sm.png\" alt=\"\" class=\"wp-image-306\"\/><\/figure>\n<\/div>\n\n\n<div style=\"height:24px\" aria-hidden=\"true\" class=\"wp-block-spacer\"><\/div>\n\n\n\n<h3 class=\"wp-block-heading has-text-align-center has-neve-text-color-color has-text-color\">Je\u017celi jeste\u015b zainteresowany\/zainteresowana wsp\u00f3\u0142prac\u0105 ( organizacja wystawy, eventu, wsp\u00f3\u0142praca barterowa itp. ) z Figurkowcami to skontaktuj si\u0119 z nami. A je\u017celi chcesz zobaczy\u0107 nasze wystawy to zapraszamy na nasz kana\u0142 YT oraz pozosta\u0142e media spo\u0142eczno\u015bciowe \ud83d\ude42 <br><br>figurkowcy@wp.pl<br><br>figurkowcy.artefakty@gmail.com<br><br><\/h3>\n\n\n\n<p class=\"has-text-align-center\"><\/p>\n\n\n\n<p class=\"has-text-align-center\"><\/p>\n\n\n\n<p><\/p>\n\n\n\n<div style=\"height:0px\" aria-hidden=\"true\" class=\"wp-block-spacer\"><\/div>\n<\/div><\/div>\n<\/div>\n<\/div>\n<\/div><\/div>\n","protected":false},"excerpt":{"rendered":"","protected":false},"author":1,"featured_media":0,"parent":0,"menu_order":0,"comment_status":"closed","ping_status":"closed","template":"","meta":{"neve_meta_sidebar":"default","neve_meta_container":"","neve_meta_enable_content_width":"on","neve_meta_content_width":100,"neve_meta_title_alignment":"","neve_meta_author_avatar":"","neve_post_elements_order":"","neve_meta_disable_header":"","neve_meta_disable_footer":"","neve_meta_disable_title":"on","_themeisle_gutenberg_block_has_review":false,"footnotes":""},"class_list":["post-75","page","type-page","status-publish","hentry"],"yoast_head":"<!-- This site is optimized with the Yoast SEO plugin v26.6 - https:\/\/yoast.com\/wordpress\/plugins\/seo\/ -->\n<title>KONTAKT - Figurkowcy<\/title>\n<meta name=\"robots\" content=\"index, follow, max-snippet:-1, max-image-preview:large, max-video-preview:-1\" \/>\n<link rel=\"canonical\" href=\"https:\/\/figurkowcy.com\/index.php\/15c42-web-agency-gb-contact-us\/\" \/>\n<meta property=\"og:locale\" content=\"pl_PL\" \/>\n<meta property=\"og:type\" content=\"article\" \/>\n<meta property=\"og:title\" content=\"KONTAKT - Figurkowcy\" \/>\n<meta property=\"og:url\" content=\"https:\/\/figurkowcy.com\/index.php\/15c42-web-agency-gb-contact-us\/\" \/>\n<meta property=\"og:site_name\" content=\"Figurkowcy\" \/>\n<meta property=\"article:publisher\" content=\"https:\/\/www.facebook.com\/groups\/figurkowcy\" \/>\n<meta property=\"article:modified_time\" content=\"2026-03-15T19:32:56+00:00\" \/>\n<meta property=\"og:image\" content=\"http:\/\/figurkowcy.com\/wp-content\/uploads\/2021\/06\/email-sm.png\" \/>\n<meta name=\"twitter:card\" content=\"summary_large_image\" \/>\n<meta name=\"twitter:label1\" content=\"Szacowany czas czytania\" \/>\n\t<meta name=\"twitter:data1\" content=\"1 minuta\" \/>\n<script type=\"application\/ld+json\" class=\"yoast-schema-graph\">{\"@context\":\"https:\/\/schema.org\",\"@graph\":[{\"@type\":\"WebPage\",\"@id\":\"https:\/\/figurkowcy.com\/index.php\/15c42-web-agency-gb-contact-us\/\",\"url\":\"https:\/\/figurkowcy.com\/index.php\/15c42-web-agency-gb-contact-us\/\",\"name\":\"KONTAKT - Figurkowcy\",\"isPartOf\":{\"@id\":\"https:\/\/figurkowcy.com\/#website\"},\"primaryImageOfPage\":{\"@id\":\"https:\/\/figurkowcy.com\/index.php\/15c42-web-agency-gb-contact-us\/#primaryimage\"},\"image\":{\"@id\":\"https:\/\/figurkowcy.com\/index.php\/15c42-web-agency-gb-contact-us\/#primaryimage\"},\"thumbnailUrl\":\"http:\/\/figurkowcy.com\/wp-content\/uploads\/2021\/06\/email-sm.png\",\"datePublished\":\"2020-01-27T08:29:32+00:00\",\"dateModified\":\"2026-03-15T19:32:56+00:00\",\"breadcrumb\":{\"@id\":\"https:\/\/figurkowcy.com\/index.php\/15c42-web-agency-gb-contact-us\/#breadcrumb\"},\"inLanguage\":\"pl-PL\",\"potentialAction\":[{\"@type\":\"ReadAction\",\"target\":[\"https:\/\/figurkowcy.com\/index.php\/15c42-web-agency-gb-contact-us\/\"]}]},{\"@type\":\"ImageObject\",\"inLanguage\":\"pl-PL\",\"@id\":\"https:\/\/figurkowcy.com\/index.php\/15c42-web-agency-gb-contact-us\/#primaryimage\",\"url\":\"http:\/\/figurkowcy.com\/wp-content\/uploads\/2021\/06\/email-sm.png\",\"contentUrl\":\"http:\/\/figurkowcy.com\/wp-content\/uploads\/2021\/06\/email-sm.png\"},{\"@type\":\"BreadcrumbList\",\"@id\":\"https:\/\/figurkowcy.com\/index.php\/15c42-web-agency-gb-contact-us\/#breadcrumb\",\"itemListElement\":[{\"@type\":\"ListItem\",\"position\":1,\"name\":\"Home\",\"item\":\"https:\/\/figurkowcy.com\/\"},{\"@type\":\"ListItem\",\"position\":2,\"name\":\"KONTAKT\"}]},{\"@type\":\"WebSite\",\"@id\":\"https:\/\/figurkowcy.com\/#website\",\"url\":\"https:\/\/figurkowcy.com\/\",\"name\":\"WordPress\",\"description\":\"\",\"publisher\":{\"@id\":\"https:\/\/figurkowcy.com\/#organization\"},\"potentialAction\":[{\"@type\":\"SearchAction\",\"target\":{\"@type\":\"EntryPoint\",\"urlTemplate\":\"https:\/\/figurkowcy.com\/?s={search_term_string}\"},\"query-input\":{\"@type\":\"PropertyValueSpecification\",\"valueRequired\":true,\"valueName\":\"search_term_string\"}}],\"inLanguage\":\"pl-PL\"},{\"@type\":\"Organization\",\"@id\":\"https:\/\/figurkowcy.com\/#organization\",\"name\":\"WordPress\",\"url\":\"https:\/\/figurkowcy.com\/\",\"logo\":{\"@type\":\"ImageObject\",\"inLanguage\":\"pl-PL\",\"@id\":\"https:\/\/figurkowcy.com\/#\/schema\/logo\/image\/\",\"url\":\"http:\/\/figurkowcy.com\/wp-content\/uploads\/2026\/01\/figurkowcy.png\",\"contentUrl\":\"http:\/\/figurkowcy.com\/wp-content\/uploads\/2026\/01\/figurkowcy.png\",\"width\":230,\"height\":218,\"caption\":\"WordPress\"},\"image\":{\"@id\":\"https:\/\/figurkowcy.com\/#\/schema\/logo\/image\/\"},\"sameAs\":[\"https:\/\/www.facebook.com\/groups\/figurkowcy\",\"https:\/\/www.instagram.com\/figurkowcy2023\/\",\"https:\/\/www.youtube.com\/@FIGURKOWCY\"]}]}<\/script>\n<!-- \/ Yoast SEO plugin. -->","yoast_head_json":{"title":"KONTAKT - Figurkowcy","robots":{"index":"index","follow":"follow","max-snippet":"max-snippet:-1","max-image-preview":"max-image-preview:large","max-video-preview":"max-video-preview:-1"},"canonical":"https:\/\/figurkowcy.com\/index.php\/15c42-web-agency-gb-contact-us\/","og_locale":"pl_PL","og_type":"article","og_title":"KONTAKT - Figurkowcy","og_url":"https:\/\/figurkowcy.com\/index.php\/15c42-web-agency-gb-contact-us\/","og_site_name":"Figurkowcy","article_publisher":"https:\/\/www.facebook.com\/groups\/figurkowcy","article_modified_time":"2026-03-15T19:32:56+00:00","og_image":[{"url":"http:\/\/figurkowcy.com\/wp-content\/uploads\/2021\/06\/email-sm.png","type":"","width":"","height":""}],"twitter_card":"summary_large_image","twitter_misc":{"Szacowany czas czytania":"1 minuta"},"schema":{"@context":"https:\/\/schema.org","@graph":[{"@type":"WebPage","@id":"https:\/\/figurkowcy.com\/index.php\/15c42-web-agency-gb-contact-us\/","url":"https:\/\/figurkowcy.com\/index.php\/15c42-web-agency-gb-contact-us\/","name":"KONTAKT - Figurkowcy","isPartOf":{"@id":"https:\/\/figurkowcy.com\/#website"},"primaryImageOfPage":{"@id":"https:\/\/figurkowcy.com\/index.php\/15c42-web-agency-gb-contact-us\/#primaryimage"},"image":{"@id":"https:\/\/figurkowcy.com\/index.php\/15c42-web-agency-gb-contact-us\/#primaryimage"},"thumbnailUrl":"http:\/\/figurkowcy.com\/wp-content\/uploads\/2021\/06\/email-sm.png","datePublished":"2020-01-27T08:29:32+00:00","dateModified":"2026-03-15T19:32:56+00:00","breadcrumb":{"@id":"https:\/\/figurkowcy.com\/index.php\/15c42-web-agency-gb-contact-us\/#breadcrumb"},"inLanguage":"pl-PL","potentialAction":[{"@type":"ReadAction","target":["https:\/\/figurkowcy.com\/index.php\/15c42-web-agency-gb-contact-us\/"]}]},{"@type":"ImageObject","inLanguage":"pl-PL","@id":"https:\/\/figurkowcy.com\/index.php\/15c42-web-agency-gb-contact-us\/#primaryimage","url":"http:\/\/figurkowcy.com\/wp-content\/uploads\/2021\/06\/email-sm.png","contentUrl":"http:\/\/figurkowcy.com\/wp-content\/uploads\/2021\/06\/email-sm.png"},{"@type":"BreadcrumbList","@id":"https:\/\/figurkowcy.com\/index.php\/15c42-web-agency-gb-contact-us\/#breadcrumb","itemListElement":[{"@type":"ListItem","position":1,"name":"Home","item":"https:\/\/figurkowcy.com\/"},{"@type":"ListItem","position":2,"name":"KONTAKT"}]},{"@type":"WebSite","@id":"https:\/\/figurkowcy.com\/#website","url":"https:\/\/figurkowcy.com\/","name":"WordPress","description":"","publisher":{"@id":"https:\/\/figurkowcy.com\/#organization"},"potentialAction":[{"@type":"SearchAction","target":{"@type":"EntryPoint","urlTemplate":"https:\/\/figurkowcy.com\/?s={search_term_string}"},"query-input":{"@type":"PropertyValueSpecification","valueRequired":true,"valueName":"search_term_string"}}],"inLanguage":"pl-PL"},{"@type":"Organization","@id":"https:\/\/figurkowcy.com\/#organization","name":"WordPress","url":"https:\/\/figurkowcy.com\/","logo":{"@type":"ImageObject","inLanguage":"pl-PL","@id":"https:\/\/figurkowcy.com\/#\/schema\/logo\/image\/","url":"http:\/\/figurkowcy.com\/wp-content\/uploads\/2026\/01\/figurkowcy.png","contentUrl":"http:\/\/figurkowcy.com\/wp-content\/uploads\/2026\/01\/figurkowcy.png","width":230,"height":218,"caption":"WordPress"},"image":{"@id":"https:\/\/figurkowcy.com\/#\/schema\/logo\/image\/"},"sameAs":["https:\/\/www.facebook.com\/groups\/figurkowcy","https:\/\/www.instagram.com\/figurkowcy2023\/","https:\/\/www.youtube.com\/@FIGURKOWCY"]}]}},"_links":{"self":[{"href":"https:\/\/figurkowcy.com\/index.php\/wp-json\/wp\/v2\/pages\/75","targetHints":{"allow":["GET"]}}],"collection":[{"href":"https:\/\/figurkowcy.com\/index.php\/wp-json\/wp\/v2\/pages"}],"about":[{"href":"https:\/\/figurkowcy.com\/index.php\/wp-json\/wp\/v2\/types\/page"}],"author":[{"embeddable":true,"href":"https:\/\/figurkowcy.com\/index.php\/wp-json\/wp\/v2\/users\/1"}],"replies":[{"embeddable":true,"href":"https:\/\/figurkowcy.com\/index.php\/wp-json\/wp\/v2\/comments?post=75"}],"version-history":[{"count":11,"href":"https:\/\/figurkowcy.com\/index.php\/wp-json\/wp\/v2\/pages\/75\/revisions"}],"predecessor-version":[{"id":518,"href":"https:\/\/figurkowcy.com\/index.php\/wp-json\/wp\/v2\/pages\/75\/revisions\/518"}],"wp:attachment":[{"href":"https:\/\/figurkowcy.com\/index.php\/wp-json\/wp\/v2\/media?parent=75"}],"curies":[{"name":"wp","href":"https:\/\/api.w.org\/{rel}","templated":true}]}}