{"id":560,"date":"2026-04-14T12:22:59","date_gmt":"2026-04-14T12:22:59","guid":{"rendered":"https:\/\/figurkowcy.com\/?page_id=560"},"modified":"2026-04-16T13:12:41","modified_gmt":"2026-04-16T13:12:41","slug":"pyrkon-2026","status":"publish","type":"page","link":"https:\/\/figurkowcy.com\/index.php\/pyrkon-2026\/","title":{"rendered":"PYRKON 2026"},"content":{"rendered":"\n<p>Z ogromn\u0105 rado\u015bci\u0105 og\u0142aszamy, \u017ce grupa Figurkowcy ponownie pojawi si\u0119 na Pyrkonie, kt\u00f3ry odb\u0119dzie si\u0119 w dniach 19-21 czerwca 2026 roku. ( <a href=\"https:\/\/pyrkon.pl\/\">https:\/\/pyrkon.pl\/<\/a> )<\/p>\n\n\n\n<p>Pyrkon to jeden z najwi\u0119kszych festiwali fantastyki w Europie \u2013 miejsce spotka\u0144 fan\u00f3w gier, film\u00f3w, komiks\u00f3w, literatury i popkultury.<\/p>\n\n\n\n<p>Przygotowali\u015bmy dla Was prawdziw\u0105 uczt\u0119 dla oka i wyobra\u017ani \u2013 na naszym stoisku znajdziecie statuetki, figurki i pojazdy w r\u00f3\u017cnych skalach, a\u017c do 1:1. Nie zabraknie znanych postaci z gier, komiks\u00f3w i film\u00f3w oraz modeli pe\u0142nych detali i klimatu i tradycyjnie ch\u0119tnie opowiemy o ciekawostkach zwi\u0105zanych z eksponatami i samym kolekcjonerstwem. Dodatkowo przygotowali\u015bmy quizy wiedzy z upominkami.<\/p>\n\n\n\n<p>To ju\u017c kolejny raz, gdy mo\u017cecie nas spotka\u0107 \u2013 postaramy si\u0119 ponownie Was pozytywnie zaskoczy\u0107<\/p>\n\n\n\n<p> Tradycyjnie znajdziecie nas na antresoli w g\u0142\u00f3wnej hali wystawc\u00f3w, a dok\u0142adn\u0105 rozpisk\u0119 opublikujemy w p\u00f3\u017aniejszym czasie.<\/p>\n\n\n\n<p>Zapraszamy do \u015bledzenia naszych medi\u00f3w spo\u0142eczno\u015bciowych \u2013 tam pojawi si\u0119 wi\u0119cej informacji.<\/p>\n\n\n\n<figure class=\"wp-block-image size-large\"><img loading=\"lazy\" decoding=\"async\" width=\"1024\" height=\"683\" src=\"https:\/\/figurkowcy.com\/wp-content\/uploads\/2026\/04\/IMG_5881-1024x683.jpg\" alt=\"\" class=\"wp-image-565\" srcset=\"https:\/\/figurkowcy.com\/wp-content\/uploads\/2026\/04\/IMG_5881-1024x683.jpg 1024w, https:\/\/figurkowcy.com\/wp-content\/uploads\/2026\/04\/IMG_5881-300x200.jpg 300w, https:\/\/figurkowcy.com\/wp-content\/uploads\/2026\/04\/IMG_5881-768x512.jpg 768w, https:\/\/figurkowcy.com\/wp-content\/uploads\/2026\/04\/IMG_5881-1536x1024.jpg 1536w, https:\/\/figurkowcy.com\/wp-content\/uploads\/2026\/04\/IMG_5881-2048x1365.jpg 2048w, https:\/\/figurkowcy.com\/wp-content\/uploads\/2026\/04\/IMG_5881-930x620.jpg 930w\" sizes=\"auto, (max-width: 1024px) 100vw, 1024px\" \/><\/figure>\n","protected":false},"excerpt":{"rendered":"<p>Z ogromn\u0105 rado\u015bci\u0105 og\u0142aszamy, \u017ce grupa Figurkowcy ponownie pojawi si\u0119 na Pyrkonie, kt\u00f3ry odb\u0119dzie si\u0119 w dniach 19-21 czerwca 2026 roku. ( https:\/\/pyrkon.pl\/ ) Pyrkon to jeden z najwi\u0119kszych festiwali fantastyki w Europie \u2013 miejsce spotka\u0144 fan\u00f3w gier, film\u00f3w, komiks\u00f3w, literatury i popkultury. Przygotowali\u015bmy dla Was prawdziw\u0105 uczt\u0119 dla oka i wyobra\u017ani \u2013 na naszym&hellip;&nbsp;<a href=\"https:\/\/figurkowcy.com\/index.php\/pyrkon-2026\/\" rel=\"bookmark\"><span class=\"screen-reader-text\">PYRKON 2026<\/span><\/a><\/p>\n","protected":false},"author":1,"featured_media":0,"parent":0,"menu_order":0,"comment_status":"closed","ping_status":"closed","template":"","meta":{"neve_meta_sidebar":"","neve_meta_container":"","neve_meta_enable_content_width":"","neve_meta_content_width":0,"neve_meta_title_alignment":"","neve_meta_author_avatar":"","neve_post_elements_order":"","neve_meta_disable_header":"","neve_meta_disable_footer":"","neve_meta_disable_title":"","_themeisle_gutenberg_block_has_review":false,"footnotes":""},"class_list":["post-560","page","type-page","status-publish","hentry"],"yoast_head":"<!-- This site is optimized with the Yoast SEO plugin v26.6 - https:\/\/yoast.com\/wordpress\/plugins\/seo\/ -->\n<title>PYRKON 2026 - Figurkowcy<\/title>\n<meta name=\"robots\" content=\"index, follow, max-snippet:-1, max-image-preview:large, max-video-preview:-1\" \/>\n<link rel=\"canonical\" href=\"https:\/\/figurkowcy.com\/index.php\/pyrkon-2026\/\" \/>\n<meta property=\"og:locale\" content=\"pl_PL\" \/>\n<meta property=\"og:type\" content=\"article\" \/>\n<meta property=\"og:title\" content=\"PYRKON 2026 - Figurkowcy\" \/>\n<meta property=\"og:description\" content=\"Z ogromn\u0105 rado\u015bci\u0105 og\u0142aszamy, \u017ce grupa Figurkowcy ponownie pojawi si\u0119 na Pyrkonie, kt\u00f3ry odb\u0119dzie si\u0119 w dniach 19-21 czerwca 2026 roku. ( https:\/\/pyrkon.pl\/ ) Pyrkon to jeden z najwi\u0119kszych festiwali fantastyki w Europie \u2013 miejsce spotka\u0144 fan\u00f3w gier, film\u00f3w, komiks\u00f3w, literatury i popkultury. Przygotowali\u015bmy dla Was prawdziw\u0105 uczt\u0119 dla oka i wyobra\u017ani \u2013 na naszym&hellip;&nbsp;PYRKON 2026\" \/>\n<meta property=\"og:url\" content=\"https:\/\/figurkowcy.com\/index.php\/pyrkon-2026\/\" \/>\n<meta property=\"og:site_name\" content=\"Figurkowcy\" \/>\n<meta property=\"article:publisher\" content=\"https:\/\/www.facebook.com\/groups\/figurkowcy\" \/>\n<meta property=\"article:modified_time\" content=\"2026-04-16T13:12:41+00:00\" \/>\n<meta property=\"og:image\" content=\"https:\/\/figurkowcy.com\/wp-content\/uploads\/2026\/04\/IMG_5881-scaled.jpg\" \/>\n\t<meta property=\"og:image:width\" content=\"2560\" \/>\n\t<meta property=\"og:image:height\" content=\"1707\" \/>\n\t<meta property=\"og:image:type\" content=\"image\/jpeg\" \/>\n<meta name=\"twitter:card\" content=\"summary_large_image\" \/>\n<meta name=\"twitter:label1\" content=\"Szacowany czas czytania\" \/>\n\t<meta name=\"twitter:data1\" content=\"2 minuty\" \/>\n<script type=\"application\/ld+json\" class=\"yoast-schema-graph\">{\"@context\":\"https:\/\/schema.org\",\"@graph\":[{\"@type\":\"WebPage\",\"@id\":\"https:\/\/figurkowcy.com\/index.php\/pyrkon-2026\/\",\"url\":\"https:\/\/figurkowcy.com\/index.php\/pyrkon-2026\/\",\"name\":\"PYRKON 2026 - Figurkowcy\",\"isPartOf\":{\"@id\":\"https:\/\/figurkowcy.com\/#website\"},\"primaryImageOfPage\":{\"@id\":\"https:\/\/figurkowcy.com\/index.php\/pyrkon-2026\/#primaryimage\"},\"image\":{\"@id\":\"https:\/\/figurkowcy.com\/index.php\/pyrkon-2026\/#primaryimage\"},\"thumbnailUrl\":\"https:\/\/figurkowcy.com\/wp-content\/uploads\/2026\/04\/IMG_5881-1024x683.jpg\",\"datePublished\":\"2026-04-14T12:22:59+00:00\",\"dateModified\":\"2026-04-16T13:12:41+00:00\",\"breadcrumb\":{\"@id\":\"https:\/\/figurkowcy.com\/index.php\/pyrkon-2026\/#breadcrumb\"},\"inLanguage\":\"pl-PL\",\"potentialAction\":[{\"@type\":\"ReadAction\",\"target\":[\"https:\/\/figurkowcy.com\/index.php\/pyrkon-2026\/\"]}]},{\"@type\":\"ImageObject\",\"inLanguage\":\"pl-PL\",\"@id\":\"https:\/\/figurkowcy.com\/index.php\/pyrkon-2026\/#primaryimage\",\"url\":\"https:\/\/figurkowcy.com\/wp-content\/uploads\/2026\/04\/IMG_5881-scaled.jpg\",\"contentUrl\":\"https:\/\/figurkowcy.com\/wp-content\/uploads\/2026\/04\/IMG_5881-scaled.jpg\",\"width\":2560,\"height\":1707},{\"@type\":\"BreadcrumbList\",\"@id\":\"https:\/\/figurkowcy.com\/index.php\/pyrkon-2026\/#breadcrumb\",\"itemListElement\":[{\"@type\":\"ListItem\",\"position\":1,\"name\":\"Home\",\"item\":\"https:\/\/figurkowcy.com\/\"},{\"@type\":\"ListItem\",\"position\":2,\"name\":\"PYRKON 2026\"}]},{\"@type\":\"WebSite\",\"@id\":\"https:\/\/figurkowcy.com\/#website\",\"url\":\"https:\/\/figurkowcy.com\/\",\"name\":\"WordPress\",\"description\":\"\",\"publisher\":{\"@id\":\"https:\/\/figurkowcy.com\/#organization\"},\"potentialAction\":[{\"@type\":\"SearchAction\",\"target\":{\"@type\":\"EntryPoint\",\"urlTemplate\":\"https:\/\/figurkowcy.com\/?s={search_term_string}\"},\"query-input\":{\"@type\":\"PropertyValueSpecification\",\"valueRequired\":true,\"valueName\":\"search_term_string\"}}],\"inLanguage\":\"pl-PL\"},{\"@type\":\"Organization\",\"@id\":\"https:\/\/figurkowcy.com\/#organization\",\"name\":\"WordPress\",\"url\":\"https:\/\/figurkowcy.com\/\",\"logo\":{\"@type\":\"ImageObject\",\"inLanguage\":\"pl-PL\",\"@id\":\"https:\/\/figurkowcy.com\/#\/schema\/logo\/image\/\",\"url\":\"http:\/\/figurkowcy.com\/wp-content\/uploads\/2026\/01\/figurkowcy.png\",\"contentUrl\":\"http:\/\/figurkowcy.com\/wp-content\/uploads\/2026\/01\/figurkowcy.png\",\"width\":230,\"height\":218,\"caption\":\"WordPress\"},\"image\":{\"@id\":\"https:\/\/figurkowcy.com\/#\/schema\/logo\/image\/\"},\"sameAs\":[\"https:\/\/www.facebook.com\/groups\/figurkowcy\",\"https:\/\/www.instagram.com\/figurkowcy2023\/\",\"https:\/\/www.youtube.com\/@FIGURKOWCY\"]}]}<\/script>\n<!-- \/ Yoast SEO plugin. -->","yoast_head_json":{"title":"PYRKON 2026 - Figurkowcy","robots":{"index":"index","follow":"follow","max-snippet":"max-snippet:-1","max-image-preview":"max-image-preview:large","max-video-preview":"max-video-preview:-1"},"canonical":"https:\/\/figurkowcy.com\/index.php\/pyrkon-2026\/","og_locale":"pl_PL","og_type":"article","og_title":"PYRKON 2026 - Figurkowcy","og_description":"Z ogromn\u0105 rado\u015bci\u0105 og\u0142aszamy, \u017ce grupa Figurkowcy ponownie pojawi si\u0119 na Pyrkonie, kt\u00f3ry odb\u0119dzie si\u0119 w dniach 19-21 czerwca 2026 roku. ( https:\/\/pyrkon.pl\/ ) Pyrkon to jeden z najwi\u0119kszych festiwali fantastyki w Europie \u2013 miejsce spotka\u0144 fan\u00f3w gier, film\u00f3w, komiks\u00f3w, literatury i popkultury. Przygotowali\u015bmy dla Was prawdziw\u0105 uczt\u0119 dla oka i wyobra\u017ani \u2013 na naszym&hellip;&nbsp;PYRKON 2026","og_url":"https:\/\/figurkowcy.com\/index.php\/pyrkon-2026\/","og_site_name":"Figurkowcy","article_publisher":"https:\/\/www.facebook.com\/groups\/figurkowcy","article_modified_time":"2026-04-16T13:12:41+00:00","og_image":[{"width":2560,"height":1707,"url":"https:\/\/figurkowcy.com\/wp-content\/uploads\/2026\/04\/IMG_5881-scaled.jpg","type":"image\/jpeg"}],"twitter_card":"summary_large_image","twitter_misc":{"Szacowany czas czytania":"2 minuty"},"schema":{"@context":"https:\/\/schema.org","@graph":[{"@type":"WebPage","@id":"https:\/\/figurkowcy.com\/index.php\/pyrkon-2026\/","url":"https:\/\/figurkowcy.com\/index.php\/pyrkon-2026\/","name":"PYRKON 2026 - Figurkowcy","isPartOf":{"@id":"https:\/\/figurkowcy.com\/#website"},"primaryImageOfPage":{"@id":"https:\/\/figurkowcy.com\/index.php\/pyrkon-2026\/#primaryimage"},"image":{"@id":"https:\/\/figurkowcy.com\/index.php\/pyrkon-2026\/#primaryimage"},"thumbnailUrl":"https:\/\/figurkowcy.com\/wp-content\/uploads\/2026\/04\/IMG_5881-1024x683.jpg","datePublished":"2026-04-14T12:22:59+00:00","dateModified":"2026-04-16T13:12:41+00:00","breadcrumb":{"@id":"https:\/\/figurkowcy.com\/index.php\/pyrkon-2026\/#breadcrumb"},"inLanguage":"pl-PL","potentialAction":[{"@type":"ReadAction","target":["https:\/\/figurkowcy.com\/index.php\/pyrkon-2026\/"]}]},{"@type":"ImageObject","inLanguage":"pl-PL","@id":"https:\/\/figurkowcy.com\/index.php\/pyrkon-2026\/#primaryimage","url":"https:\/\/figurkowcy.com\/wp-content\/uploads\/2026\/04\/IMG_5881-scaled.jpg","contentUrl":"https:\/\/figurkowcy.com\/wp-content\/uploads\/2026\/04\/IMG_5881-scaled.jpg","width":2560,"height":1707},{"@type":"BreadcrumbList","@id":"https:\/\/figurkowcy.com\/index.php\/pyrkon-2026\/#breadcrumb","itemListElement":[{"@type":"ListItem","position":1,"name":"Home","item":"https:\/\/figurkowcy.com\/"},{"@type":"ListItem","position":2,"name":"PYRKON 2026"}]},{"@type":"WebSite","@id":"https:\/\/figurkowcy.com\/#website","url":"https:\/\/figurkowcy.com\/","name":"WordPress","description":"","publisher":{"@id":"https:\/\/figurkowcy.com\/#organization"},"potentialAction":[{"@type":"SearchAction","target":{"@type":"EntryPoint","urlTemplate":"https:\/\/figurkowcy.com\/?s={search_term_string}"},"query-input":{"@type":"PropertyValueSpecification","valueRequired":true,"valueName":"search_term_string"}}],"inLanguage":"pl-PL"},{"@type":"Organization","@id":"https:\/\/figurkowcy.com\/#organization","name":"WordPress","url":"https:\/\/figurkowcy.com\/","logo":{"@type":"ImageObject","inLanguage":"pl-PL","@id":"https:\/\/figurkowcy.com\/#\/schema\/logo\/image\/","url":"http:\/\/figurkowcy.com\/wp-content\/uploads\/2026\/01\/figurkowcy.png","contentUrl":"http:\/\/figurkowcy.com\/wp-content\/uploads\/2026\/01\/figurkowcy.png","width":230,"height":218,"caption":"WordPress"},"image":{"@id":"https:\/\/figurkowcy.com\/#\/schema\/logo\/image\/"},"sameAs":["https:\/\/www.facebook.com\/groups\/figurkowcy","https:\/\/www.instagram.com\/figurkowcy2023\/","https:\/\/www.youtube.com\/@FIGURKOWCY"]}]}},"_links":{"self":[{"href":"https:\/\/figurkowcy.com\/index.php\/wp-json\/wp\/v2\/pages\/560","targetHints":{"allow":["GET"]}}],"collection":[{"href":"https:\/\/figurkowcy.com\/index.php\/wp-json\/wp\/v2\/pages"}],"about":[{"href":"https:\/\/figurkowcy.com\/index.php\/wp-json\/wp\/v2\/types\/page"}],"author":[{"embeddable":true,"href":"https:\/\/figurkowcy.com\/index.php\/wp-json\/wp\/v2\/users\/1"}],"replies":[{"embeddable":true,"href":"https:\/\/figurkowcy.com\/index.php\/wp-json\/wp\/v2\/comments?post=560"}],"version-history":[{"count":5,"href":"https:\/\/figurkowcy.com\/index.php\/wp-json\/wp\/v2\/pages\/560\/revisions"}],"predecessor-version":[{"id":575,"href":"https:\/\/figurkowcy.com\/index.php\/wp-json\/wp\/v2\/pages\/560\/revisions\/575"}],"wp:attachment":[{"href":"https:\/\/figurkowcy.com\/index.php\/wp-json\/wp\/v2\/media?parent=560"}],"curies":[{"name":"wp","href":"https:\/\/api.w.org\/{rel}","templated":true}]}}