{"id":404,"date":"2026-01-07T08:32:22","date_gmt":"2026-01-07T08:32:22","guid":{"rendered":"http:\/\/figurkowcy.com\/?page_id=404"},"modified":"2026-04-16T13:14:29","modified_gmt":"2026-04-16T13:14:29","slug":"eventy","status":"publish","type":"page","link":"https:\/\/figurkowcy.com\/index.php\/eventy\/","title":{"rendered":"COSMICON 2026"},"content":{"rendered":"\n<p>Z ogromn\u0105 rado\u015bci\u0105 og\u0142aszamy, \u017ce grupa FIGURKOWCY pojawi si\u0119 na tegorocznym COSMICON 2026 w Planetarium \u015al\u0105skim 30 maja 2026.<\/p>\n\n\n\n<p>Przygotowali\u015bmy dla Was prawdziw\u0105 uczt\u0119 dla oka i wyobra\u017ani \u2013 na naszym stoisku znajdziecie r\u00f3\u017cnorodne figurki i pojazdy w skali 1\/6, 1\/4, 1\/2 oraz  mniejsze modele, kt\u00f3re zachwyc\u0105 detalem i klimatem. Nie zabraknie r\u00f3wnie\u017c kultowych Godzilli, r\u00f3\u017cnorodnych postaci z gier, komiks\u00f3w i film\u00f3w ( Terminator :), a tak\u017ce ,,bohater\u00f3w&#8221; uniwersum Warhammer 40k.<br>Tradycyjnie nasza ekipa z ch\u0119ci\u0105 opowie o r\u00f3\u017cnych ciekawostkach zwi\u0105zanych zar\u00f3wno z eksponatami na wystawie, jak i samym kolekcjonerstwie \ud83d\ude42<\/p>\n\n\n\n<p>Ale to nie wszystko! W tym roku stawiamy jeszcze mocniej na interakcj\u0119 z Wami:<\/p>\n\n\n\n<ul class=\"wp-block-list\">\n<li>nowe zabawy z udzia\u0142em publiczno\u015bci<\/li>\n\n\n\n<li>quizy z nagrodami w kt\u00f3rym b\u0119dziecie mogli sprawdzi\u0107 swoj\u0105 wiedz\u0119 i zgarn\u0105\u0107 r\u00f3\u017cne niespodzianki<\/li>\n\n\n\n<li>konkurs \u201eAmbasador Figurkowc\u00f3w\u201d<\/li>\n<\/ul>\n\n\n\n<p>Zapraszamy wszystkich fan\u00f3w figurek, s\/f, fantastyki&#8230;. w\u0142a\u015bciwie zapraszamy ka\u017cdego\u2013 postaramy si\u0119 po raz kolejny Was pozytywnie zaskoczy\u0107 \ud83d\ude42<\/p>\n\n\n\n<p>Wst\u0119p bezp\u0142atny.<\/p>\n\n\n\n<p>Do zobaczenia na COSMICONIE&#8230;<\/p>\n\n\n\n<figure class=\"wp-block-image size-large\"><img loading=\"lazy\" decoding=\"async\" width=\"1024\" height=\"682\" src=\"https:\/\/figurkowcy.com\/wp-content\/uploads\/2026\/04\/Batman-i-Batmobil-1.6-1024x682.jpg\" alt=\"\" class=\"wp-image-527\" srcset=\"https:\/\/figurkowcy.com\/wp-content\/uploads\/2026\/04\/Batman-i-Batmobil-1.6-1024x682.jpg 1024w, https:\/\/figurkowcy.com\/wp-content\/uploads\/2026\/04\/Batman-i-Batmobil-1.6-300x200.jpg 300w, https:\/\/figurkowcy.com\/wp-content\/uploads\/2026\/04\/Batman-i-Batmobil-1.6-768x512.jpg 768w, https:\/\/figurkowcy.com\/wp-content\/uploads\/2026\/04\/Batman-i-Batmobil-1.6-930x620.jpg 930w, https:\/\/figurkowcy.com\/wp-content\/uploads\/2026\/04\/Batman-i-Batmobil-1.6.jpg 1184w\" sizes=\"auto, (max-width: 1024px) 100vw, 1024px\" \/><\/figure>\n","protected":false},"excerpt":{"rendered":"<p>Z ogromn\u0105 rado\u015bci\u0105 og\u0142aszamy, \u017ce grupa FIGURKOWCY pojawi si\u0119 na tegorocznym COSMICON 2026 w Planetarium \u015al\u0105skim 30 maja 2026. Przygotowali\u015bmy dla Was prawdziw\u0105 uczt\u0119 dla oka i wyobra\u017ani \u2013 na naszym stoisku znajdziecie r\u00f3\u017cnorodne figurki i pojazdy w skali 1\/6, 1\/4, 1\/2 oraz mniejsze modele, kt\u00f3re zachwyc\u0105 detalem i klimatem. Nie zabraknie r\u00f3wnie\u017c kultowych Godzilli,&hellip;&nbsp;<a href=\"https:\/\/figurkowcy.com\/index.php\/eventy\/\" rel=\"bookmark\"><span class=\"screen-reader-text\">COSMICON 2026<\/span><\/a><\/p>\n","protected":false},"author":1,"featured_media":0,"parent":0,"menu_order":0,"comment_status":"closed","ping_status":"closed","template":"","meta":{"neve_meta_sidebar":"","neve_meta_container":"","neve_meta_enable_content_width":"","neve_meta_content_width":0,"neve_meta_title_alignment":"","neve_meta_author_avatar":"","neve_post_elements_order":"","neve_meta_disable_header":"","neve_meta_disable_footer":"","neve_meta_disable_title":"","_themeisle_gutenberg_block_has_review":false,"footnotes":""},"class_list":["post-404","page","type-page","status-publish","hentry"],"yoast_head":"<!-- This site is optimized with the Yoast SEO plugin v26.6 - https:\/\/yoast.com\/wordpress\/plugins\/seo\/ -->\n<title>COSMICON 2026 - Figurkowcy<\/title>\n<meta name=\"robots\" content=\"index, follow, max-snippet:-1, max-image-preview:large, max-video-preview:-1\" \/>\n<link rel=\"canonical\" href=\"https:\/\/figurkowcy.com\/index.php\/eventy\/\" \/>\n<meta property=\"og:locale\" content=\"pl_PL\" \/>\n<meta property=\"og:type\" content=\"article\" \/>\n<meta property=\"og:title\" content=\"COSMICON 2026 - Figurkowcy\" \/>\n<meta property=\"og:description\" content=\"Z ogromn\u0105 rado\u015bci\u0105 og\u0142aszamy, \u017ce grupa FIGURKOWCY pojawi si\u0119 na tegorocznym COSMICON 2026 w Planetarium \u015al\u0105skim 30 maja 2026. Przygotowali\u015bmy dla Was prawdziw\u0105 uczt\u0119 dla oka i wyobra\u017ani \u2013 na naszym stoisku znajdziecie r\u00f3\u017cnorodne figurki i pojazdy w skali 1\/6, 1\/4, 1\/2 oraz mniejsze modele, kt\u00f3re zachwyc\u0105 detalem i klimatem. Nie zabraknie r\u00f3wnie\u017c kultowych Godzilli,&hellip;&nbsp;COSMICON 2026\" \/>\n<meta property=\"og:url\" content=\"https:\/\/figurkowcy.com\/index.php\/eventy\/\" \/>\n<meta property=\"og:site_name\" content=\"Figurkowcy\" \/>\n<meta property=\"article:publisher\" content=\"https:\/\/www.facebook.com\/groups\/figurkowcy\" \/>\n<meta property=\"article:modified_time\" content=\"2026-04-16T13:14:29+00:00\" \/>\n<meta property=\"og:image\" content=\"https:\/\/figurkowcy.com\/wp-content\/uploads\/2026\/04\/Batman-i-Batmobil-1.6.jpg\" \/>\n\t<meta property=\"og:image:width\" content=\"1184\" \/>\n\t<meta property=\"og:image:height\" content=\"789\" \/>\n\t<meta property=\"og:image:type\" content=\"image\/jpeg\" \/>\n<meta name=\"twitter:card\" content=\"summary_large_image\" \/>\n<meta name=\"twitter:label1\" content=\"Szacowany czas czytania\" \/>\n\t<meta name=\"twitter:data1\" content=\"2 minuty\" \/>\n<script type=\"application\/ld+json\" class=\"yoast-schema-graph\">{\"@context\":\"https:\/\/schema.org\",\"@graph\":[{\"@type\":\"WebPage\",\"@id\":\"https:\/\/figurkowcy.com\/index.php\/eventy\/\",\"url\":\"https:\/\/figurkowcy.com\/index.php\/eventy\/\",\"name\":\"COSMICON 2026 - Figurkowcy\",\"isPartOf\":{\"@id\":\"https:\/\/figurkowcy.com\/#website\"},\"primaryImageOfPage\":{\"@id\":\"https:\/\/figurkowcy.com\/index.php\/eventy\/#primaryimage\"},\"image\":{\"@id\":\"https:\/\/figurkowcy.com\/index.php\/eventy\/#primaryimage\"},\"thumbnailUrl\":\"https:\/\/figurkowcy.com\/wp-content\/uploads\/2026\/04\/Batman-i-Batmobil-1.6-1024x682.jpg\",\"datePublished\":\"2026-01-07T08:32:22+00:00\",\"dateModified\":\"2026-04-16T13:14:29+00:00\",\"breadcrumb\":{\"@id\":\"https:\/\/figurkowcy.com\/index.php\/eventy\/#breadcrumb\"},\"inLanguage\":\"pl-PL\",\"potentialAction\":[{\"@type\":\"ReadAction\",\"target\":[\"https:\/\/figurkowcy.com\/index.php\/eventy\/\"]}]},{\"@type\":\"ImageObject\",\"inLanguage\":\"pl-PL\",\"@id\":\"https:\/\/figurkowcy.com\/index.php\/eventy\/#primaryimage\",\"url\":\"https:\/\/figurkowcy.com\/wp-content\/uploads\/2026\/04\/Batman-i-Batmobil-1.6.jpg\",\"contentUrl\":\"https:\/\/figurkowcy.com\/wp-content\/uploads\/2026\/04\/Batman-i-Batmobil-1.6.jpg\",\"width\":1184,\"height\":789},{\"@type\":\"BreadcrumbList\",\"@id\":\"https:\/\/figurkowcy.com\/index.php\/eventy\/#breadcrumb\",\"itemListElement\":[{\"@type\":\"ListItem\",\"position\":1,\"name\":\"Home\",\"item\":\"https:\/\/figurkowcy.com\/\"},{\"@type\":\"ListItem\",\"position\":2,\"name\":\"COSMICON 2026\"}]},{\"@type\":\"WebSite\",\"@id\":\"https:\/\/figurkowcy.com\/#website\",\"url\":\"https:\/\/figurkowcy.com\/\",\"name\":\"WordPress\",\"description\":\"\",\"publisher\":{\"@id\":\"https:\/\/figurkowcy.com\/#organization\"},\"potentialAction\":[{\"@type\":\"SearchAction\",\"target\":{\"@type\":\"EntryPoint\",\"urlTemplate\":\"https:\/\/figurkowcy.com\/?s={search_term_string}\"},\"query-input\":{\"@type\":\"PropertyValueSpecification\",\"valueRequired\":true,\"valueName\":\"search_term_string\"}}],\"inLanguage\":\"pl-PL\"},{\"@type\":\"Organization\",\"@id\":\"https:\/\/figurkowcy.com\/#organization\",\"name\":\"WordPress\",\"url\":\"https:\/\/figurkowcy.com\/\",\"logo\":{\"@type\":\"ImageObject\",\"inLanguage\":\"pl-PL\",\"@id\":\"https:\/\/figurkowcy.com\/#\/schema\/logo\/image\/\",\"url\":\"http:\/\/figurkowcy.com\/wp-content\/uploads\/2026\/01\/figurkowcy.png\",\"contentUrl\":\"http:\/\/figurkowcy.com\/wp-content\/uploads\/2026\/01\/figurkowcy.png\",\"width\":230,\"height\":218,\"caption\":\"WordPress\"},\"image\":{\"@id\":\"https:\/\/figurkowcy.com\/#\/schema\/logo\/image\/\"},\"sameAs\":[\"https:\/\/www.facebook.com\/groups\/figurkowcy\",\"https:\/\/www.instagram.com\/figurkowcy2023\/\",\"https:\/\/www.youtube.com\/@FIGURKOWCY\"]}]}<\/script>\n<!-- \/ Yoast SEO plugin. -->","yoast_head_json":{"title":"COSMICON 2026 - Figurkowcy","robots":{"index":"index","follow":"follow","max-snippet":"max-snippet:-1","max-image-preview":"max-image-preview:large","max-video-preview":"max-video-preview:-1"},"canonical":"https:\/\/figurkowcy.com\/index.php\/eventy\/","og_locale":"pl_PL","og_type":"article","og_title":"COSMICON 2026 - Figurkowcy","og_description":"Z ogromn\u0105 rado\u015bci\u0105 og\u0142aszamy, \u017ce grupa FIGURKOWCY pojawi si\u0119 na tegorocznym COSMICON 2026 w Planetarium \u015al\u0105skim 30 maja 2026. Przygotowali\u015bmy dla Was prawdziw\u0105 uczt\u0119 dla oka i wyobra\u017ani \u2013 na naszym stoisku znajdziecie r\u00f3\u017cnorodne figurki i pojazdy w skali 1\/6, 1\/4, 1\/2 oraz mniejsze modele, kt\u00f3re zachwyc\u0105 detalem i klimatem. Nie zabraknie r\u00f3wnie\u017c kultowych Godzilli,&hellip;&nbsp;COSMICON 2026","og_url":"https:\/\/figurkowcy.com\/index.php\/eventy\/","og_site_name":"Figurkowcy","article_publisher":"https:\/\/www.facebook.com\/groups\/figurkowcy","article_modified_time":"2026-04-16T13:14:29+00:00","og_image":[{"width":1184,"height":789,"url":"https:\/\/figurkowcy.com\/wp-content\/uploads\/2026\/04\/Batman-i-Batmobil-1.6.jpg","type":"image\/jpeg"}],"twitter_card":"summary_large_image","twitter_misc":{"Szacowany czas czytania":"2 minuty"},"schema":{"@context":"https:\/\/schema.org","@graph":[{"@type":"WebPage","@id":"https:\/\/figurkowcy.com\/index.php\/eventy\/","url":"https:\/\/figurkowcy.com\/index.php\/eventy\/","name":"COSMICON 2026 - Figurkowcy","isPartOf":{"@id":"https:\/\/figurkowcy.com\/#website"},"primaryImageOfPage":{"@id":"https:\/\/figurkowcy.com\/index.php\/eventy\/#primaryimage"},"image":{"@id":"https:\/\/figurkowcy.com\/index.php\/eventy\/#primaryimage"},"thumbnailUrl":"https:\/\/figurkowcy.com\/wp-content\/uploads\/2026\/04\/Batman-i-Batmobil-1.6-1024x682.jpg","datePublished":"2026-01-07T08:32:22+00:00","dateModified":"2026-04-16T13:14:29+00:00","breadcrumb":{"@id":"https:\/\/figurkowcy.com\/index.php\/eventy\/#breadcrumb"},"inLanguage":"pl-PL","potentialAction":[{"@type":"ReadAction","target":["https:\/\/figurkowcy.com\/index.php\/eventy\/"]}]},{"@type":"ImageObject","inLanguage":"pl-PL","@id":"https:\/\/figurkowcy.com\/index.php\/eventy\/#primaryimage","url":"https:\/\/figurkowcy.com\/wp-content\/uploads\/2026\/04\/Batman-i-Batmobil-1.6.jpg","contentUrl":"https:\/\/figurkowcy.com\/wp-content\/uploads\/2026\/04\/Batman-i-Batmobil-1.6.jpg","width":1184,"height":789},{"@type":"BreadcrumbList","@id":"https:\/\/figurkowcy.com\/index.php\/eventy\/#breadcrumb","itemListElement":[{"@type":"ListItem","position":1,"name":"Home","item":"https:\/\/figurkowcy.com\/"},{"@type":"ListItem","position":2,"name":"COSMICON 2026"}]},{"@type":"WebSite","@id":"https:\/\/figurkowcy.com\/#website","url":"https:\/\/figurkowcy.com\/","name":"WordPress","description":"","publisher":{"@id":"https:\/\/figurkowcy.com\/#organization"},"potentialAction":[{"@type":"SearchAction","target":{"@type":"EntryPoint","urlTemplate":"https:\/\/figurkowcy.com\/?s={search_term_string}"},"query-input":{"@type":"PropertyValueSpecification","valueRequired":true,"valueName":"search_term_string"}}],"inLanguage":"pl-PL"},{"@type":"Organization","@id":"https:\/\/figurkowcy.com\/#organization","name":"WordPress","url":"https:\/\/figurkowcy.com\/","logo":{"@type":"ImageObject","inLanguage":"pl-PL","@id":"https:\/\/figurkowcy.com\/#\/schema\/logo\/image\/","url":"http:\/\/figurkowcy.com\/wp-content\/uploads\/2026\/01\/figurkowcy.png","contentUrl":"http:\/\/figurkowcy.com\/wp-content\/uploads\/2026\/01\/figurkowcy.png","width":230,"height":218,"caption":"WordPress"},"image":{"@id":"https:\/\/figurkowcy.com\/#\/schema\/logo\/image\/"},"sameAs":["https:\/\/www.facebook.com\/groups\/figurkowcy","https:\/\/www.instagram.com\/figurkowcy2023\/","https:\/\/www.youtube.com\/@FIGURKOWCY"]}]}},"_links":{"self":[{"href":"https:\/\/figurkowcy.com\/index.php\/wp-json\/wp\/v2\/pages\/404","targetHints":{"allow":["GET"]}}],"collection":[{"href":"https:\/\/figurkowcy.com\/index.php\/wp-json\/wp\/v2\/pages"}],"about":[{"href":"https:\/\/figurkowcy.com\/index.php\/wp-json\/wp\/v2\/types\/page"}],"author":[{"embeddable":true,"href":"https:\/\/figurkowcy.com\/index.php\/wp-json\/wp\/v2\/users\/1"}],"replies":[{"embeddable":true,"href":"https:\/\/figurkowcy.com\/index.php\/wp-json\/wp\/v2\/comments?post=404"}],"version-history":[{"count":5,"href":"https:\/\/figurkowcy.com\/index.php\/wp-json\/wp\/v2\/pages\/404\/revisions"}],"predecessor-version":[{"id":576,"href":"https:\/\/figurkowcy.com\/index.php\/wp-json\/wp\/v2\/pages\/404\/revisions\/576"}],"wp:attachment":[{"href":"https:\/\/figurkowcy.com\/index.php\/wp-json\/wp\/v2\/media?parent=404"}],"curies":[{"name":"wp","href":"https:\/\/api.w.org\/{rel}","templated":true}]}}